{"id":116,"date":"2021-11-01T14:52:12","date_gmt":"2021-11-01T14:52:12","guid":{"rendered":"https:\/\/flyingtincans.com\/?page_id=116"},"modified":"2025-09-21T17:27:26","modified_gmt":"2025-09-21T17:27:26","slug":"main","status":"publish","type":"page","link":"https:\/\/flyingtincans.com\/de\/","title":{"rendered":"Willkommen bei den \u201cFlying Tin Cans\u201d!"},"content":{"rendered":"<div data-elementor-type=\"wp-page\" data-elementor-id=\"116\" class=\"elementor elementor-116\">\n\t\t\t\t\t\t<section class=\"elementor-section elementor-top-section elementor-element elementor-element-1c6f8137 elementor-section-boxed elementor-section-height-default elementor-section-height-default\" data-id=\"1c6f8137\" data-element_type=\"section\" data-e-type=\"section\">\n\t\t\t\t\t\t<div class=\"elementor-container elementor-column-gap-default\">\n\t\t\t\t\t<div class=\"elementor-column elementor-col-100 elementor-top-column elementor-element elementor-element-5188f11b\" data-id=\"5188f11b\" data-element_type=\"column\" data-e-type=\"column\">\n\t\t\t<div class=\"elementor-widget-wrap elementor-element-populated\">\n\t\t\t\t\t\t<div class=\"elementor-element elementor-element-bce14c3 elementor-widget elementor-widget-video\" data-id=\"bce14c3\" data-element_type=\"widget\" data-e-type=\"widget\" data-settings=\"{&quot;youtube_url&quot;:&quot;https:\\\/\\\/youtu.be\\\/H04S9futQQU?si=hNRULdLyoDq2PEmE&quot;,&quot;video_type&quot;:&quot;youtube&quot;,&quot;controls&quot;:&quot;yes&quot;}\" data-widget_type=\"video.default\">\n\t\t\t\t<div class=\"elementor-widget-container\">\n\t\t\t\t\t\t\t<div class=\"elementor-wrapper elementor-open-inline\">\n\t\t\t<div class=\"elementor-video\"><\/div>\t\t<\/div>\n\t\t\t\t\t\t<\/div>\n\t\t\t\t<\/div>\n\t\t\t\t<div class=\"elementor-element elementor-element-7f975ee elementor-widget elementor-widget-text-editor\" data-id=\"7f975ee\" data-element_type=\"widget\" data-e-type=\"widget\" data-widget_type=\"text-editor.default\">\n\t\t\t\t<div class=\"elementor-widget-container\">\n\t\t\t\t\t\t\t\t\t<p><\/p>\n<h2 class=\"wp-block-heading\" id=\"who-are-we\">Wer genau sind wir?<\/h2>\n<p><\/p>\n<p><\/p>\n<p>Kurz gesagt, wir m\u00f6gen Flugzeuge.<\/p>\n<p><\/p>\n<p><\/p>\n<p>Um genauer zu sein, wir sind eine Gruppe von Hobby-Piloten, die Sonntags zusammen kommt um virtuelle Luftk\u00e4mpfe aus dem zweiten Weltkrieg auszutragen. Daf\u00fcr nutzen wir die 'IL-2 Sturmovik Series' Plattform, in welcher wir uns historische Kampagnen erstellen.<\/p>\n<p><\/p>\n<p><\/p>\n<h2 class=\"wp-block-heading\" id=\"core-ideas\">Die Idee<\/h2>\n<p><\/p>\n<p><\/p>\n<p>Unsere Kampagne,<\/p>\n<p><\/p>\n<p><\/p>\n<p class=\"translation-block\">a) ist eine <strong>Multiplayer PvP<\/strong> Erfahrung. Virtuelle Piloten aus aller Welt nehmen daran teil. F\u00fcr die Kampagne wird jeder Pilot einer Staffel zugeteilt, welche aus bis zu 14 Mitgliedern bestehen kann. Es gibt in der Kampagne sowohl Staffeln auf der Allierten, als auch auf Deutscher Seite. Die Aufteilung der Staffeln wird dabei von den historischen Gegebenheiten bestimmt.<\/p>\n<p><\/p>\n<p><\/p>\n<p class=\"translation-block\">b) ist <strong>zweisprachig<\/strong>. W\u00e4hrend der Mission wird entweder Englisch oder Deutsch gesprochen.<\/p>\n<p><\/p>\n<p><\/p>\n<p class=\"translation-block\">c) ist <strong>einmalig<\/strong> in ihrer Art und Weise. Jede Mission wird von unseren Missionserstellern in m\u00fchevoller Kleinarbeit zusammengesetzt. Mit gro\u00dfer Liebe zum Detail wird darauf geachtet das alle Missionen historisch akkurat sind um die realen Fronten von damals nachzustellen.<\/p>\n<p><\/p>\n<p><\/p>\n<p>Und<\/p>\n<p><\/p>\n<p><\/p>\n<p>d) konzentriert sich <strong>auf historische Fakten.<\/strong> Das Ziel der Kampagne ist eine immersive und Realit\u00e4tsnahe Erfahrung. Dabei sollen die damaligen Verh\u00e4ltnisse so Geschichtsgetreu wie m\u00f6glich dargestellt werden,  dadurch versuchen wir den Teilnehmern der Mission einen Eindruck der damaligen Umst\u00e4nde zu vermitteln. Die Kampagne soll nicht kompetetiv sein und folgt ausschlie\u00dflich den historischen Rahmenbedingungen. Jeder Missionsausgang wird von den Spielern bestimmt, nat\u00fcrlich im Rahmen der Geschichtlichen Gesichtspunkte.<\/p>\n<p><\/p>\n<p><\/p>\n<p>Da unsere Missionen nicht nur aus Dogfights bestehen, haben unsere Staffeln auch ganz verschiedene Rollen. Da gibt es einerseits die mittelschweren Bombern genannt 'Raiders', dann unsere Jagdbomber 'Mud Movers \/ Hog Sounder \/ Firebirds' und schlie\u00dflich unsere J\u00e4ger 'Waldkautz \/ Bussard \/ Dragoons \/ Vagrant \/ Massasauga'.<\/p>\n<p><\/p>\n<p><\/p>\n<p>Um mehr \u00fcber uns, die Staffeln und unsere Kampagne zu erfahren klickt oben auf die Leiste und schaut bei <strong>Features<\/strong> vorbei!<\/p>\n<p><\/p>\n<p><\/p>\n<h2 class=\"wp-block-heading\" id=\"does-this-sound-interesting\">Interesse geweckt?<\/h2>\n<p><\/p>\n<p><\/p>\n<p>Dann schau doch am Sonntag mal rein und \u00fcberzeug dich selbst. Jeder ist bei uns Willkommen.<\/p>\n<p><\/p>\n<p><\/p>\n<p>F\u00fcr mehr Informationen wie du bei uns mitmachen kannst schau einfach mal bei  <strong>Beitritt<\/strong> rein.<\/p>\n<p><\/p>\n<p><\/p>\n<p><\/p>\t\t\t\t\t\t\t\t<\/div>\n\t\t\t\t<\/div>\n\t\t\t\t<div class=\"elementor-element elementor-element-6944c71 elementor-widget elementor-widget-video\" data-id=\"6944c71\" data-element_type=\"widget\" data-e-type=\"widget\" data-settings=\"{&quot;youtube_url&quot;:&quot;https:\\\/\\\/www.youtube.com\\\/watch?v=YADl6uz4DT0&quot;,&quot;video_type&quot;:&quot;youtube&quot;,&quot;controls&quot;:&quot;yes&quot;}\" data-widget_type=\"video.default\">\n\t\t\t\t<div class=\"elementor-widget-container\">\n\t\t\t\t\t\t\t<div class=\"elementor-wrapper elementor-open-inline\">\n\t\t\t<div class=\"elementor-video\"><\/div>\t\t<\/div>\n\t\t\t\t\t\t<\/div>\n\t\t\t\t<\/div>\n\t\t\t\t<div class=\"elementor-element elementor-element-3cf3ac7 elementor-widget elementor-widget-video\" data-id=\"3cf3ac7\" data-element_type=\"widget\" data-e-type=\"widget\" data-settings=\"{&quot;youtube_url&quot;:&quot;https:\\\/\\\/www.youtube.com\\\/watch?v=aIo-0LlBI-4&quot;,&quot;video_type&quot;:&quot;youtube&quot;,&quot;controls&quot;:&quot;yes&quot;}\" data-widget_type=\"video.default\">\n\t\t\t\t<div class=\"elementor-widget-container\">\n\t\t\t\t\t\t\t<div class=\"elementor-wrapper elementor-open-inline\">\n\t\t\t<div class=\"elementor-video\"><\/div>\t\t<\/div>\n\t\t\t\t\t\t<\/div>\n\t\t\t\t<\/div>\n\t\t\t\t\t<\/div>\n\t\t<\/div>\n\t\t\t\t\t<\/div>\n\t\t<\/section>\n\t\t\t\t<section class=\"elementor-section elementor-top-section elementor-element elementor-element-0391184 elementor-section-boxed elementor-section-height-default elementor-section-height-default\" data-id=\"0391184\" data-element_type=\"section\" data-e-type=\"section\">\n\t\t\t\t\t\t<div class=\"elementor-container elementor-column-gap-default\">\n\t\t\t\t\t<div class=\"elementor-column elementor-col-100 elementor-top-column elementor-element elementor-element-83f0524\" data-id=\"83f0524\" data-element_type=\"column\" data-e-type=\"column\">\n\t\t\t<div class=\"elementor-widget-wrap elementor-element-populated\">\n\t\t\t\t\t\t<div class=\"elementor-element elementor-element-e552696 elementor-widget elementor-widget-video\" data-id=\"e552696\" data-element_type=\"widget\" data-e-type=\"widget\" data-settings=\"{&quot;youtube_url&quot;:&quot;https:\\\/\\\/www.youtube.com\\\/watch?v=oBFXxRrkYTo&quot;,&quot;video_type&quot;:&quot;youtube&quot;,&quot;controls&quot;:&quot;yes&quot;}\" data-widget_type=\"video.default\">\n\t\t\t\t<div class=\"elementor-widget-container\">\n\t\t\t\t\t\t\t<div class=\"elementor-wrapper elementor-open-inline\">\n\t\t\t<div class=\"elementor-video\"><\/div>\t\t<\/div>\n\t\t\t\t\t\t<\/div>\n\t\t\t\t<\/div>\n\t\t\t\t\t<\/div>\n\t\t<\/div>\n\t\t\t\t\t<\/div>\n\t\t<\/section>\n\t\t\t\t<section class=\"elementor-section elementor-top-section elementor-element elementor-element-e435afd elementor-section-boxed elementor-section-height-default elementor-section-height-default\" data-id=\"e435afd\" data-element_type=\"section\" data-e-type=\"section\">\n\t\t\t\t\t\t<div class=\"elementor-container elementor-column-gap-default\">\n\t\t\t\t\t<div class=\"elementor-column elementor-col-100 elementor-top-column elementor-element elementor-element-4ffe4c3\" data-id=\"4ffe4c3\" data-element_type=\"column\" data-e-type=\"column\">\n\t\t\t<div class=\"elementor-widget-wrap elementor-element-populated\">\n\t\t\t\t\t\t<div class=\"elementor-element elementor-element-92e43b4 elementor-widget elementor-widget-wp-widget-patreon_sidebar_site_widget\" data-id=\"92e43b4\" data-element_type=\"widget\" data-e-type=\"widget\" data-widget_type=\"wp-widget-patreon_sidebar_site_widget.default\">\n\t\t\t\t<div class=\"elementor-widget-container\">\n\t\t\t\t\t                                \t\t\t\t\t\t\r\n\t\t\t\t\t\t\t\t\t\t\t\t\t\t\t\t<div style=\"text-align: center !important;font-size: 18px;margin-top: 10px;margin-bottom: 10px;\">Support  Flying Tin Cans on Patreon!<\/div>\r\n\t\t\t\t\t\t\t\t\t\t\t\t\t\t\t\r\n          <div class=\"cb_p6_patreon_site_widget\" style=\"text-align:center !important;\"><a rel=\"nofollow\" href=\"https:\/\/www.patreon.com\/FlyingTinCans?utm_content=site_sidebar_widget&utm_medium=patron_button_and_widgets_plugin&utm_campaign=11836147&utm_term=&utm_source=https:\/\/flyingtincans.com\/de\/\" aria-label=\"Click to become a patron at Patreon!\"><img decoding=\"async\" style=\"margin-top: 10px;margin-bottom: 10px;max-width:200px;width:100%;height:auto;\" src=\"https:\/\/flyingtincans.com\/wp-content\/plugins\/patron-button-and-widgets-by-codebard\/images\/become_a_patron_button.png\" alt=\"Become a patron at Patreon!\"><\/a><\/div>     \r\n\t\t\t\t\t\t\r\n                      \t\t\t\t<\/div>\n\t\t\t\t<\/div>\n\t\t\t\t\t<\/div>\n\t\t<\/div>\n\t\t\t\t\t<\/div>\n\t\t<\/section>\n\t\t\t\t<\/div>","protected":false},"excerpt":{"rendered":"<p>https:\/\/youtu.be\/H04S9futQQU?si=hNRULdLyoDq2PEmE Who are we? Simply put, we like planes. In more than five words, we are a group of like-minded individuals, who come together to take part in a virtual flying experience in the IL-2 Sturmovik series of WW2 combat flight simulators. Our campaign takes place every Sunday and is created by dedicated and knowledgeable [&hellip;]<\/p>\n","protected":false},"author":3,"featured_media":0,"parent":0,"menu_order":0,"comment_status":"closed","ping_status":"closed","template":"","meta":{"footnotes":""},"class_list":["post-116","page","type-page","status-publish","hentry"],"_links":{"self":[{"href":"https:\/\/flyingtincans.com\/de\/wp-json\/wp\/v2\/pages\/116","targetHints":{"allow":["GET"]}}],"collection":[{"href":"https:\/\/flyingtincans.com\/de\/wp-json\/wp\/v2\/pages"}],"about":[{"href":"https:\/\/flyingtincans.com\/de\/wp-json\/wp\/v2\/types\/page"}],"author":[{"embeddable":true,"href":"https:\/\/flyingtincans.com\/de\/wp-json\/wp\/v2\/users\/3"}],"replies":[{"embeddable":true,"href":"https:\/\/flyingtincans.com\/de\/wp-json\/wp\/v2\/comments?post=116"}],"version-history":[{"count":51,"href":"https:\/\/flyingtincans.com\/de\/wp-json\/wp\/v2\/pages\/116\/revisions"}],"predecessor-version":[{"id":1282,"href":"https:\/\/flyingtincans.com\/de\/wp-json\/wp\/v2\/pages\/116\/revisions\/1282"}],"wp:attachment":[{"href":"https:\/\/flyingtincans.com\/de\/wp-json\/wp\/v2\/media?parent=116"}],"curies":[{"name":"wp","href":"https:\/\/api.w.org\/{rel}","templated":true}]}}