{"id":88,"date":"2021-11-01T08:33:17","date_gmt":"2021-11-01T08:33:17","guid":{"rendered":"https:\/\/flyingtincans.com\/?page_id=88"},"modified":"2022-02-09T22:28:11","modified_gmt":"2022-02-09T22:28:11","slug":"joining","status":"publish","type":"page","link":"https:\/\/flyingtincans.com\/de\/joining\/","title":{"rendered":"Interesse?"},"content":{"rendered":"<p>Wir freuen uns \u00fcber dein Interesse. F\u00fcr den Beitritt musst du folgendes beachten:<\/p>\n\n\n\n<p>Stell dich einfach mal bei uns im Forum vor und erz\u00e4hl uns was von dir (vorzugsweise in Englisch). \n\nBei uns gibt es keine Anwesenheitspflicht, deine zuk\u00fcnftige Staffel w\u00fcrde sich aber sehr dar\u00fcber freuen wenn du regelm\u00e4\u00dfig an den Trainings teilnimmst.<\/p>\n\n\n\n<p class=\"translation-block\">Unsere Kampagne findet jeden Sonntag um 2000 MEZ statt und dauern ungef\u00e4hr 3 Stunden.<\/p>\n\n\n\n<p>Mehr gibt es auch eigentlich nicht. Klingt gut? Na dann ab ins Forum und stell dich gleich mal vor. Den Post daf\u00fcr findest du <a href=\"https:\/\/forum.flyingtincans.com\/viewforum.php?f=3\" data-type=\"URL\" data-id=\"https:\/\/forum.flyingtincans.com\/viewforum.php?f=3\">hier<\/a>!<\/p>\n\n\n\n<p><\/p>\n\n\n\n<h2 class=\"wp-block-heading\" id=\"what-happens-now\">Was kommt jetzt?<\/h2>\n\n\n\n<p>Nachdem du dich vorgestellt hast werden wir dich Kontaktieren und dir die n\u00e4chsten Schritte erkl\u00e4ren. Desweiteren bekommst du Zugriff auf unseren Discord (Alltags Zeug) und unseren Teamspeak (f\u00fcr die Kampagne).<\/p>\n\n\n\n<p>Zu guter letzt kommt jetzt noch etwas B\u00fcrokratie, denn ganz ohne geht es leider nicht. Daf\u00fcr wird dich eines unserer Mitglieder einmal in die Piloten und Missions Datenbank (<a href=\"https:\/\/pam.flyingtincans.com\/\" target=\"_blank\" rel=\"noreferrer noopener\">PAM<\/a>) einf\u00fchren. Keine Sorge, es sieht anfangs kompliziert aus, ist es aber nicht.<\/p>\n\n\n\n<p>Jetzt bleibt nur noch eins zu tun. Motor starten und ab in die Luft!<\/p>\n\n\n\n<p><\/p>\n\n\n\n<h2 class=\"wp-block-heading\" id=\"how-to-prepare\">Wie bereite ich mich vor?<\/h2>\n\n\n\n<p>Am Sonntag ist Kampagne und du bist dir unsicher ob du mithalten kannst? Keine Sorge, es ist noch kein Meister vom Himmel gefallen. Daher veranstalten wir jeden Donnerstag ab 2000 MEZ unsere Staffel-Trainings. Von den Grundlagen bis hin zu Dogfights, wir zeigen dir alles was du f\u00fcr die Kampagne brauchst. Auch wenn ihr schon Jahrelang fliegt, man lernt nie aus und man kann immer etwas dazulernen.<\/p>\n\n\n\n<p>Desweiteren solltet ihr euch einmal den Abschnitt 'Documentation' in unserer PAM durchlesen. Dort findet Guides, die Kampagnen Regeln sowie unsere Skins. <\/p>\n\n\n\n<p class=\"translation-block\">Klickt einfach <a href=\"https:\/\/pam.flyingtincans.com\/#\/documentation-general\" target=\"_blank\" rel=\"noreferrer noopener\">hier<\/a>!<\/p>\n\n\n\n<figure class=\"wp-block-image size-full\"><a href=\"https:\/\/pam.flyingtincans.com\/assets\/Campaign_Readiness_Checklist_CRC.pdf\"><img fetchpriority=\"high\" decoding=\"async\" width=\"647\" height=\"813\" src=\"https:\/\/flyingtincans.com\/wp-content\/uploads\/2022\/02\/image.png\" alt=\"\" class=\"wp-image-478\" srcset=\"https:\/\/flyingtincans.com\/wp-content\/uploads\/2022\/02\/image.png 647w, https:\/\/flyingtincans.com\/wp-content\/uploads\/2022\/02\/image-239x300.png 239w, https:\/\/flyingtincans.com\/wp-content\/uploads\/2022\/02\/image-10x12.png 10w, https:\/\/flyingtincans.com\/wp-content\/uploads\/2022\/02\/image-508x638.png 508w\" sizes=\"(max-width: 647px) 100vw, 647px\" \/><\/a><\/figure>\n\n\n\n<figure class=\"wp-block-image size-full\"><a href=\"https:\/\/pam.flyingtincans.com\/assets\/Campaign_Readiness_Checklist_CRC.pdf\"><img decoding=\"async\" width=\"643\" height=\"841\" src=\"https:\/\/flyingtincans.com\/wp-content\/uploads\/2022\/02\/image-1.png\" alt=\"\" class=\"wp-image-479\" srcset=\"https:\/\/flyingtincans.com\/wp-content\/uploads\/2022\/02\/image-1.png 643w, https:\/\/flyingtincans.com\/wp-content\/uploads\/2022\/02\/image-1-229x300.png 229w, https:\/\/flyingtincans.com\/wp-content\/uploads\/2022\/02\/image-1-9x12.png 9w, https:\/\/flyingtincans.com\/wp-content\/uploads\/2022\/02\/image-1-508x664.png 508w\" sizes=\"(max-width: 643px) 100vw, 643px\" \/><\/a><\/figure>","protected":false},"excerpt":{"rendered":"<p>We&#8217;re glad you&#8217;re interested in joining us! The process is pretty straightforward, there&#8217;s no extensive joining procedure, mandatory training or assessment period. You simply post on our forums, and we give you all the information you need! Our campaign takes place every Sunday, at about 1900 UTC and lasts for around 3 hours. So make [&hellip;]<\/p>\n","protected":false},"author":3,"featured_media":0,"parent":0,"menu_order":0,"comment_status":"closed","ping_status":"closed","template":"","meta":{"footnotes":""},"class_list":["post-88","page","type-page","status-publish","hentry"],"_links":{"self":[{"href":"https:\/\/flyingtincans.com\/de\/wp-json\/wp\/v2\/pages\/88","targetHints":{"allow":["GET"]}}],"collection":[{"href":"https:\/\/flyingtincans.com\/de\/wp-json\/wp\/v2\/pages"}],"about":[{"href":"https:\/\/flyingtincans.com\/de\/wp-json\/wp\/v2\/types\/page"}],"author":[{"embeddable":true,"href":"https:\/\/flyingtincans.com\/de\/wp-json\/wp\/v2\/users\/3"}],"replies":[{"embeddable":true,"href":"https:\/\/flyingtincans.com\/de\/wp-json\/wp\/v2\/comments?post=88"}],"version-history":[{"count":13,"href":"https:\/\/flyingtincans.com\/de\/wp-json\/wp\/v2\/pages\/88\/revisions"}],"predecessor-version":[{"id":480,"href":"https:\/\/flyingtincans.com\/de\/wp-json\/wp\/v2\/pages\/88\/revisions\/480"}],"wp:attachment":[{"href":"https:\/\/flyingtincans.com\/de\/wp-json\/wp\/v2\/media?parent=88"}],"curies":[{"name":"wp","href":"https:\/\/api.w.org\/{rel}","templated":true}]}}